{"id":1447,"date":"2020-10-19T10:40:40","date_gmt":"2020-10-19T14:40:40","guid":{"rendered":"https:\/\/redetopgas.com.br\/?page_id=1447"},"modified":"2020-10-24T11:07:44","modified_gmt":"2020-10-24T15:07:44","slug":"trabalhe-conosoco","status":"publish","type":"page","link":"https:\/\/redetopgas.com.br\/?page_id=1447","title":{"rendered":"TRABALHE CONOSCO"},"content":{"rendered":"\t\t<div data-elementor-type=\"wp-page\" data-elementor-id=\"1447\" class=\"elementor elementor-1447\" data-elementor-post-type=\"page\">\n\t\t\t\t\t\t<section class=\"elementor-section elementor-top-section elementor-element elementor-element-38e4fbd elementor-section-stretched elementor-section-boxed elementor-section-height-default elementor-section-height-default\" data-id=\"38e4fbd\" data-element_type=\"section\" data-e-type=\"section\" data-settings=\"{&quot;stretch_section&quot;:&quot;section-stretched&quot;,&quot;background_background&quot;:&quot;classic&quot;}\">\n\t\t\t\t\t\t\t<div class=\"elementor-background-overlay\"><\/div>\n\t\t\t\t\t\t\t<div class=\"elementor-container elementor-column-gap-no\">\n\t\t\t\t\t<div class=\"elementor-column elementor-col-100 elementor-top-column elementor-element elementor-element-71fe1f7\" data-id=\"71fe1f7\" data-element_type=\"column\" data-e-type=\"column\">\n\t\t\t<div class=\"elementor-widget-wrap elementor-element-populated\">\n\t\t\t\t\t\t<div class=\"elementor-element elementor-element-ae0d3af elementor--h-position-center elementor--v-position-middle elementor-arrows-position-inside elementor-pagination-position-inside elementor-widget elementor-widget-slides\" data-id=\"ae0d3af\" data-element_type=\"widget\" data-e-type=\"widget\" data-settings=\"{&quot;navigation&quot;:&quot;both&quot;,&quot;autoplay&quot;:&quot;yes&quot;,&quot;pause_on_hover&quot;:&quot;yes&quot;,&quot;pause_on_interaction&quot;:&quot;yes&quot;,&quot;autoplay_speed&quot;:5000,&quot;infinite&quot;:&quot;yes&quot;,&quot;transition&quot;:&quot;slide&quot;,&quot;transition_speed&quot;:500}\" data-widget_type=\"slides.default\">\n\t\t\t\t<div class=\"elementor-widget-container\">\n\t\t\t\t\t\t\t\t\t<div class=\"elementor-swiper\">\n\t\t\t\t\t<div class=\"elementor-slides-wrapper elementor-main-swiper swiper\" role=\"region\" aria-roledescription=\"carousel\" aria-label=\"Slides\" dir=\"ltr\" data-animation=\"fadeInUp\">\n\t\t\t\t<div class=\"swiper-wrapper elementor-slides\">\n\t\t\t\t\t\t\t\t\t\t<div class=\"elementor-repeater-item-5da3268 swiper-slide\" role=\"group\" aria-roledescription=\"slide\"><div class=\"swiper-slide-bg\" role=\"img\"><\/div><div class=\"swiper-slide-inner\" ><div class=\"swiper-slide-contents\"><\/div><\/div><\/div>\t\t\t\t<\/div>\n\t\t\t\t\t\t\t<\/div>\n\t\t\t\t<\/div>\n\t\t\t\t\t\t\t\t<\/div>\n\t\t\t\t<\/div>\n\t\t\t\t<div class=\"elementor-element elementor-element-6bcb35b elementor-widget elementor-widget-heading\" data-id=\"6bcb35b\" data-element_type=\"widget\" data-e-type=\"widget\" data-widget_type=\"heading.default\">\n\t\t\t\t<div class=\"elementor-widget-container\">\n\t\t\t\t\t<h2 class=\"elementor-heading-title elementor-size-large\">Envie Seu Curr\u00edculo Para N\u00f3s! <br>Venha Fazer Parte do Nosso Time de Campe\u00f5es!<\/h2>\t\t\t\t<\/div>\n\t\t\t\t<\/div>\n\t\t\t\t<div class=\"elementor-element elementor-element-44ad3e1 elementor-button-align-start elementor-widget elementor-widget-form\" data-id=\"44ad3e1\" data-element_type=\"widget\" data-e-type=\"widget\" data-settings=\"{&quot;step_next_label&quot;:&quot;Pr\\u00f3ximo&quot;,&quot;step_previous_label&quot;:&quot;Anterior&quot;,&quot;button_width&quot;:&quot;100&quot;,&quot;step_type&quot;:&quot;number_text&quot;,&quot;step_icon_shape&quot;:&quot;circle&quot;}\" data-widget_type=\"form.default\">\n\t\t\t\t<div class=\"elementor-widget-container\">\n\t\t\t\t\t\t\t<form class=\"elementor-form\" method=\"post\" name=\"Novo formul\u00e1rio\">\n\t\t\t<input type=\"hidden\" name=\"post_id\" value=\"1447\"\/>\n\t\t\t<input type=\"hidden\" name=\"form_id\" value=\"44ad3e1\"\/>\n\t\t\t<input type=\"hidden\" name=\"referer_title\" value=\"TRABALHE CONOSCO\" \/>\n\n\t\t\t\t\t\t\t<input type=\"hidden\" name=\"queried_id\" value=\"1447\"\/>\n\t\t\t\n\t\t\t<div class=\"elementor-form-fields-wrapper elementor-labels-\">\n\t\t\t\t\t\t\t\t<div class=\"elementor-field-type-text elementor-field-group elementor-column elementor-field-group-name elementor-col-100 elementor-field-required\">\n\t\t\t\t\t\t\t\t\t\t\t\t<label for=\"form-field-name\" class=\"elementor-field-label elementor-screen-only\">\n\t\t\t\t\t\t\t\tNome\t\t\t\t\t\t\t<\/label>\n\t\t\t\t\t\t\t\t\t\t\t\t\t\t<input size=\"1\" type=\"text\" name=\"form_fields[name]\" id=\"form-field-name\" class=\"elementor-field elementor-size-md  elementor-field-textual\" placeholder=\"Nome\" required=\"required\">\n\t\t\t\t\t\t\t\t\t\t\t<\/div>\n\t\t\t\t\t\t\t\t<div class=\"elementor-field-type-tel elementor-field-group elementor-column elementor-field-group-field_a4c50d5 elementor-col-100 elementor-field-required\">\n\t\t\t\t\t\t\t\t\t\t\t\t<label for=\"form-field-field_a4c50d5\" class=\"elementor-field-label elementor-screen-only\">\n\t\t\t\t\t\t\t\tWhatsApp\t\t\t\t\t\t\t<\/label>\n\t\t\t\t\t\t\t\t<input size=\"1\" type=\"tel\" name=\"form_fields[field_a4c50d5]\" id=\"form-field-field_a4c50d5\" class=\"elementor-field elementor-size-md  elementor-field-textual\" placeholder=\"WhatsApp\" required=\"required\" pattern=\"[0-9()#&amp;+*-=.]+\" title=\"Apenas n\u00fameros e caracteres de telefone (#, -, *, etc.) s\u00e3o aceitos.\">\n\n\t\t\t\t\t\t<\/div>\n\t\t\t\t\t\t\t\t<div class=\"elementor-field-type-email elementor-field-group elementor-column elementor-field-group-email elementor-col-100 elementor-field-required\">\n\t\t\t\t\t\t\t\t\t\t\t\t<label for=\"form-field-email\" class=\"elementor-field-label elementor-screen-only\">\n\t\t\t\t\t\t\t\tE-mail\t\t\t\t\t\t\t<\/label>\n\t\t\t\t\t\t\t\t\t\t\t\t\t\t<input size=\"1\" type=\"email\" name=\"form_fields[email]\" id=\"form-field-email\" class=\"elementor-field elementor-size-md  elementor-field-textual\" placeholder=\"E-mail\" required=\"required\">\n\t\t\t\t\t\t\t\t\t\t\t<\/div>\n\t\t\t\t\t\t\t\t<div class=\"elementor-field-type-textarea elementor-field-group elementor-column elementor-field-group-message elementor-col-100 elementor-field-required\">\n\t\t\t\t\t\t\t\t\t\t\t\t<label for=\"form-field-message\" class=\"elementor-field-label elementor-screen-only\">\n\t\t\t\t\t\t\t\tMensagem\t\t\t\t\t\t\t<\/label>\n\t\t\t\t\t\t<textarea class=\"elementor-field-textual elementor-field  elementor-size-md\" name=\"form_fields[message]\" id=\"form-field-message\" rows=\"4\" placeholder=\"Mensagem\" required=\"required\"><\/textarea>\t\t\t\t<\/div>\n\t\t\t\t\t\t\t\t<div class=\"elementor-field-type-upload elementor-field-group elementor-column elementor-field-group-field_8d79335 elementor-col-100 elementor-field-required\">\n\t\t\t\t\t\t\t\t\t\t\t\t<label for=\"form-field-field_8d79335\" class=\"elementor-field-label elementor-screen-only\">\n\t\t\t\t\t\t\t\tEnviar C\u00farriculo\t\t\t\t\t\t\t<\/label>\n\t\t\t\t\t\t\t\t<input type=\"file\" name=\"form_fields[field_8d79335][]\" id=\"form-field-field_8d79335\" class=\"elementor-field elementor-size-md  elementor-upload-field\" required=\"required\" multiple=\"multiple\" data-maxsize=\"2\" data-maxsize-message=\"Esse arquivo excede o tamanho m\u00e1ximo permitido.\">\n\n\t\t\t\t\t\t<\/div>\n\t\t\t\t\t\t\t\t<div class=\"elementor-field-group elementor-column elementor-field-type-submit elementor-col-100 e-form__buttons\">\n\t\t\t\t\t<button class=\"elementor-button elementor-size-sm\" type=\"submit\">\n\t\t\t\t\t\t<span class=\"elementor-button-content-wrapper\">\n\t\t\t\t\t\t\t\t\t\t\t\t\t\t\t\t\t\t\t\t\t\t<span class=\"elementor-button-text\">Enviar Curriculo<\/span>\n\t\t\t\t\t\t\t\t\t\t\t\t\t<\/span>\n\t\t\t\t\t<\/button>\n\t\t\t\t<\/div>\n\t\t\t<\/div>\n\t\t<\/form>\n\t\t\t\t\t\t<\/div>\n\t\t\t\t<\/div>\n\t\t\t\t<div class=\"elementor-element elementor-element-e0abff0 elementor-widget elementor-widget-spacer\" data-id=\"e0abff0\" data-element_type=\"widget\" data-e-type=\"widget\" data-widget_type=\"spacer.default\">\n\t\t\t\t<div class=\"elementor-widget-container\">\n\t\t\t\t\t\t\t<div class=\"elementor-spacer\">\n\t\t\t<div class=\"elementor-spacer-inner\"><\/div>\n\t\t<\/div>\n\t\t\t\t\t\t<\/div>\n\t\t\t\t<\/div>\n\t\t\t\t\t<\/div>\n\t\t<\/div>\n\t\t\t\t\t<\/div>\n\t\t<\/section>\n\t\t\t\t<\/div>\n\t\t","protected":false},"excerpt":{"rendered":"<p>Envie Seu Curr\u00edculo Para N\u00f3s! Venha Fazer Parte do Nosso Time de Campe\u00f5es!<\/p>\n","protected":false},"author":1,"featured_media":0,"parent":0,"menu_order":0,"comment_status":"closed","ping_status":"closed","template":"","meta":{"advanced_seo_description":"","jetpack_seo_html_title":"","jetpack_seo_noindex":false,"footnotes":""},"class_list":["post-1447","page","type-page","status-publish"],"jetpack_likes_enabled":false,"jetpack_sharing_enabled":true,"jetpack-related-posts":[{"id":21,"url":"https:\/\/redetopgas.com.br\/","url_meta":{"origin":1447,"position":0},"title":"In\u00edcio","author":"redetopgas","date":"8 de maio de 2019","format":false,"excerpt":"Clique e \"Receba Seu G\u00e1s\" Na sua resid\u00eancia! (65) 3388-5555 Ligue e \"Receba Seu G\u00e1s\" Na sua resid\u00eancia! (65) 3388-5555 A Top G\u00e1s tr\u00e1s mais uma novidade para voc\u00ea, a Top G\u00e1s Cons\u00f3rcios. Agora voc\u00ea pode realizar seus sonhos com a Top G\u00e1s!\u00a0Voc\u00ea pode fazer seu cons\u00f3rcio conosco e realizar\u2026","rel":"","context":"Post similar","block_context":{"text":"Post similar","link":""},"img":{"alt_text":"","src":"https:\/\/i0.wp.com\/redetopgas.com.br\/wp-content\/uploads\/2019\/06\/1-1.png?resize=350%2C200&ssl=1","width":350,"height":200},"classes":[]},{"id":862,"url":"https:\/\/redetopgas.com.br\/?page_id=862","url_meta":{"origin":1447,"position":1},"title":"Pol\u00edtica de privacidade","author":"redetopgas","date":"2 de agosto de 2019","format":false,"excerpt":"Politica de Privacidade Quem somos O endere\u00e7o do nosso site \u00e9: https:\/\/redetopgas.com.br. Quais dados pessoais coletamos e porque Coment\u00e1rios Quando os visitantes deixam coment\u00e1rios no site, coletamos os dados mostrados no formul\u00e1rio de coment\u00e1rios, al\u00e9m do endere\u00e7o de IP e de dados do navegador do visitante, para auxiliar na detec\u00e7\u00e3o\u2026","rel":"","context":"Post similar","block_context":{"text":"Post similar","link":""},"img":{"alt_text":"","src":"https:\/\/i0.wp.com\/redetopgas.com.br\/wp-content\/uploads\/2022\/05\/CAPA-TWITTER1641322557237.png?resize=350%2C200&ssl=1","width":350,"height":200,"srcset":"https:\/\/i0.wp.com\/redetopgas.com.br\/wp-content\/uploads\/2022\/05\/CAPA-TWITTER1641322557237.png?resize=350%2C200&ssl=1 1x, https:\/\/i0.wp.com\/redetopgas.com.br\/wp-content\/uploads\/2022\/05\/CAPA-TWITTER1641322557237.png?resize=525%2C300&ssl=1 1.5x, https:\/\/i0.wp.com\/redetopgas.com.br\/wp-content\/uploads\/2022\/05\/CAPA-TWITTER1641322557237.png?resize=700%2C400&ssl=1 2x, https:\/\/i0.wp.com\/redetopgas.com.br\/wp-content\/uploads\/2022\/05\/CAPA-TWITTER1641322557237.png?resize=1050%2C600&ssl=1 3x, https:\/\/i0.wp.com\/redetopgas.com.br\/wp-content\/uploads\/2022\/05\/CAPA-TWITTER1641322557237.png?resize=1400%2C800&ssl=1 4x"},"classes":[]},{"id":26,"url":"https:\/\/redetopgas.com.br\/?page_id=26","url_meta":{"origin":1447,"position":2},"title":"Sobre N\u00f3s","author":"redetopgas","date":"8 de maio de 2019","format":false,"excerpt":"Nossa Hist\u00f3ria no mercado de GLP. A Top G\u00e1s atua no mercado de G\u00e1s GLP a mais de 18 anos, fornecendo g\u00e1s envasado para todos os tipos de resid\u00eancias e diferentes neg\u00f3cios. Para atender as necessidades de nossos clientes a Top G\u00e1s desenvolveu um novo servi\u00e7o, s\u00e3o lojas m\u00f3veis que\u2026","rel":"","context":"Post similar","block_context":{"text":"Post similar","link":""},"img":{"alt_text":"","src":"https:\/\/i0.wp.com\/redetopgas.com.br\/wp-content\/uploads\/2019\/05\/Banner-Loja.jpeg?resize=350%2C200&ssl=1","width":350,"height":200,"srcset":"https:\/\/i0.wp.com\/redetopgas.com.br\/wp-content\/uploads\/2019\/05\/Banner-Loja.jpeg?resize=350%2C200&ssl=1 1x, https:\/\/i0.wp.com\/redetopgas.com.br\/wp-content\/uploads\/2019\/05\/Banner-Loja.jpeg?resize=525%2C300&ssl=1 1.5x, https:\/\/i0.wp.com\/redetopgas.com.br\/wp-content\/uploads\/2019\/05\/Banner-Loja.jpeg?resize=700%2C400&ssl=1 2x, https:\/\/i0.wp.com\/redetopgas.com.br\/wp-content\/uploads\/2019\/05\/Banner-Loja.jpeg?resize=1050%2C600&ssl=1 3x"},"classes":[]},{"id":24,"url":"https:\/\/redetopgas.com.br\/?page_id=24","url_meta":{"origin":1447,"position":3},"title":"Portif\u00f3lio","author":"redetopgas","date":"8 de maio de 2019","format":false,"excerpt":"CONHE\u00c7A NOSSOS PRODUTOS GLP PARA ATENDER SUA CASA, RESTAURANTES E EMPRESA BOTIJ\u00c3O GLP DA SUPERGASBRAS: O G\u00c1S PARA SUA COZINHA.O g\u00e1s GLP que faz parte do seu dia a dia deve ser o mais seguro e confi\u00e1vel poss\u00edvel. Para n\u00e3o correr nenhum risco, escolha sempre o botij\u00e3o Supergasbras. Voc\u00ea ainda\u2026","rel":"","context":"Post similar","block_context":{"text":"Post similar","link":""},"img":{"alt_text":"","src":"https:\/\/i0.wp.com\/redetopgas.com.br\/wp-content\/uploads\/2019\/05\/botijao.png?resize=350%2C200","width":350,"height":200},"classes":[]},{"id":1576,"url":"https:\/\/redetopgas.com.br\/?page_id=1576","url_meta":{"origin":1447,"position":4},"title":"Obrigado","author":"redetopgas","date":"28 de outubro de 2020","format":false,"excerpt":"Gratid\u00e3o! Seu Cadastro Foi Realizado Com Sucesso!\u00a0Em Breve um de nossos consultores ir\u00e1 entrar em contato com voc\u00ea! Conhe\u00e7a o trabalho que realizamos em prol dos menos favorecidos, o projeto \"G\u00e1s Solid\u00e1rio!\"https:\/\/www.youtube.com\/watch?v=DUDK2gWrJJw&list=PLH4DzTvtkOUv9cYFzqu-1eXeVq3maXD5Shttps:\/\/www.youtube.com\/watch?v=C2INQeM-o4E&list=PLH4DzTvtkOUv9cYFzqu-1eXeVq3maXD5S&index=9","rel":"","context":"Post similar","block_context":{"text":"Post similar","link":""},"img":{"alt_text":"","src":"https:\/\/i0.wp.com\/redetopgas.com.br\/wp-content\/uploads\/2021\/03\/O-GAS-Q-NOS-MOVE-E-O-SOLIDARIO-300x300.png?resize=350%2C200&ssl=1","width":350,"height":200},"classes":[]},{"id":1550,"url":"https:\/\/redetopgas.com.br\/?page_id=1550","url_meta":{"origin":1447,"position":5},"title":"E-BOOK","author":"redetopgas","date":"27 de outubro de 2020","format":false,"excerpt":"Doces R\u00e1pidos Para Aliviar TPM N\u00e3o importa o quanto a rotina sejacorrida: uma vez por m\u00eas as mulheres sofrem com a TPM e um dos piores sintomas \u00e9 a vontade desesperadora por doces, especialmente o chocolate.Clique aqui para baixar esse e-book feito especialmente para voc\u00ea mulher, que todo m\u00eas sofre\u2026","rel":"","context":"Post similar","block_context":{"text":"Post similar","link":""},"img":{"alt_text":"","src":"https:\/\/i0.wp.com\/redetopgas.com.br\/wp-content\/uploads\/2020\/10\/paperbackstack_511x457-300x268.png?resize=350%2C200&ssl=1","width":350,"height":200},"classes":[]}],"_links":{"self":[{"href":"https:\/\/redetopgas.com.br\/index.php?rest_route=\/wp\/v2\/pages\/1447","targetHints":{"allow":["GET"]}}],"collection":[{"href":"https:\/\/redetopgas.com.br\/index.php?rest_route=\/wp\/v2\/pages"}],"about":[{"href":"https:\/\/redetopgas.com.br\/index.php?rest_route=\/wp\/v2\/types\/page"}],"author":[{"embeddable":true,"href":"https:\/\/redetopgas.com.br\/index.php?rest_route=\/wp\/v2\/users\/1"}],"replies":[{"embeddable":true,"href":"https:\/\/redetopgas.com.br\/index.php?rest_route=%2Fwp%2Fv2%2Fcomments&post=1447"}],"version-history":[{"count":0,"href":"https:\/\/redetopgas.com.br\/index.php?rest_route=\/wp\/v2\/pages\/1447\/revisions"}],"wp:attachment":[{"href":"https:\/\/redetopgas.com.br\/index.php?rest_route=%2Fwp%2Fv2%2Fmedia&parent=1447"}],"curies":[{"name":"wp","href":"https:\/\/api.w.org\/{rel}","templated":true}]}}